{"id":38,"date":"2025-11-05T19:30:34","date_gmt":"2025-11-05T19:30:34","guid":{"rendered":"https:\/\/www.cipherwolfacademy.com\/?page_id=38"},"modified":"2025-11-09T14:22:48","modified_gmt":"2025-11-09T14:22:48","slug":"ekipman_rehberi","status":"publish","type":"page","link":"https:\/\/www.cipherwolfacademy.com\/?page_id=38","title":{"rendered":"Ekipman Rehberi"},"content":{"rendered":"\n<div class=\"wp-block-group\"><div class=\"wp-block-group__inner-container is-layout-constrained wp-block-group-is-layout-constrained\">\n<h1 class=\"wp-block-heading has-text-align-center\" style=\"font-size:40px\">Ekipman Rehberi<\/h1>\n\n\n\n<p class=\"has-ffb-100-color has-0-e-0-e-0-e-background-color has-text-color has-background has-link-color wp-elements-173a881bc1ea8a2b25cf6328206395c3\">Bu b\u00f6l\u00fcmde do\u011fa y\u00fcr\u00fcy\u00fc\u015f\u00fc, kamp, EDC (Everyday Carry), acil durum ve hayatta kalma senaryolar\u0131nda kullan\u0131lan ekipmanlar\u0131 ke\u015ffedeceksiniz. CipherWolf Academy ekosisteminde yer alan her rehber, deneyim ve i\u015flevselli\u011fi bir arada sunmak i\u00e7in haz\u0131rlanm\u0131\u015ft\u0131r.<\/p>\n\n\n\n<div class=\"wp-block-group ekipman-tabs is-layout-flex wp-block-group-is-layout-flex\">\n<a class=\"gb-text gb-text-0d5bc9d8\" href=\"https:\/\/www.cipherwolfacademy.com\/?p=153\">Do\u011fa Y\u00fcr\u00fcy\u00fc\u015f\u00fc<\/a>\n\n\n\n<a class=\"gb-text gb-text-f638adcd\" href=\"https:\/\/www.cipherwolfacademy.com\/?p=156\">Kamp<\/a>\n\n\n\n<a class=\"gb-text gb-text-cdab317b\" href=\"https:\/\/www.cipherwolfacademy.com\/?p=160\">EDC<\/a>\n\n\n\n<a class=\"gb-text gb-text-0b4550e7\" href=\"https:\/\/www.cipherwolfacademy.com\/?p=166\">24 Saat<\/a>\n\n\n\n<a class=\"gb-text gb-text-20956d91\" href=\"https:\/\/www.cipherwolfacademy.com\/?p=169\">72 saat<\/a>\n\n\n\n<a class=\"gb-text gb-text-88b6d00a\" href=\"https:\/\/www.cipherwolfacademy.com\/?p=172\">Acil Durumlar<\/a>\n\n\n\n<a class=\"gb-text gb-text-7298fb04\" href=\"https:\/\/www.cipherwolfacademy.com\/?p=172\">Hayatta Kalma<\/a>\n<\/div>\n<\/div><\/div>\n\n\n\n<div class=\"wp-block-query is-layout-flow wp-block-query-is-layout-flow\"><ul class=\"ekipman-padding cipherwolf-submenu wp-block-post-template is-layout-flow wp-block-post-template-is-layout-flow\"><li class=\"wp-block-post post-153 post type-post status-publish format-standard has-post-thumbnail hentry category-doga-yuruyusu\">\n<h2 class=\"wp-block-post-title\"><a href=\"https:\/\/www.cipherwolfacademy.com\/?p=153\" target=\"_self\" >Do\u011fa Y\u00fcr\u00fcy\u00fc\u015f\u00fc \u0130\u00e7in Temel Ekipmanlar<\/a><\/h2>\n\n<figure class=\"alignwide wp-block-post-featured-image\"><a href=\"https:\/\/www.cipherwolfacademy.com\/?p=153\" target=\"_self\"  ><img loading=\"lazy\" decoding=\"async\" width=\"1344\" height=\"768\" src=\"https:\/\/www.cipherwolfacademy.com\/wp-content\/uploads\/2025\/11\/Firefly_Gemini-Flash_Reproduce-the-same-reference-image-with-a-ratio-of-16-9-1280\u00d7720-px.-515255.png\" class=\"attachment-post-thumbnail size-post-thumbnail wp-post-image\" alt=\"Do\u011fa Y\u00fcr\u00fcy\u00fc\u015f\u00fc \u0130\u00e7in Temel Ekipmanlar\" style=\"object-fit:cover;\" srcset=\"https:\/\/www.cipherwolfacademy.com\/wp-content\/uploads\/2025\/11\/Firefly_Gemini-Flash_Reproduce-the-same-reference-image-with-a-ratio-of-16-9-1280\u00d7720-px.-515255.png 1344w, https:\/\/www.cipherwolfacademy.com\/wp-content\/uploads\/2025\/11\/Firefly_Gemini-Flash_Reproduce-the-same-reference-image-with-a-ratio-of-16-9-1280\u00d7720-px.-515255-300x171.png 300w\" sizes=\"auto, (max-width: 1344px) 100vw, 1344px\" \/><\/a><\/figure>\n\n<div class=\"wp-block-post-excerpt\"><p class=\"wp-block-post-excerpt__excerpt\">Bu yaz\u0131 do\u011fa y\u00fcr\u00fcy\u00fc\u015flerinde kullan\u0131lan temel ekipmanlar\u0131 tan\u0131tmak i\u00e7in \u00f6rnek yaz\u0131d\u0131r. <\/p><\/div>\n\n\n<hr class=\"wp-block-separator has-css-opacity\"\/>\n\n\n<div class=\"wp-block-post-date\"><time datetime=\"2025-11-09T11:25:34+00:00\">Kas\u0131m 9, 2025<\/time><\/div>\n<\/li><li class=\"wp-block-post post-156 post type-post status-publish format-standard has-post-thumbnail hentry category-kamp\">\n<h2 class=\"wp-block-post-title\"><a href=\"https:\/\/www.cipherwolfacademy.com\/?p=156\" target=\"_self\" >Kamp Ekipmanlar\u0131 Rehberi<\/a><\/h2>\n\n<figure class=\"alignwide wp-block-post-featured-image\"><a href=\"https:\/\/www.cipherwolfacademy.com\/?p=156\" target=\"_self\"  ><img loading=\"lazy\" decoding=\"async\" width=\"1344\" height=\"768\" src=\"https:\/\/www.cipherwolfacademy.com\/wp-content\/uploads\/2025\/11\/Firefly_Gemini-Flash_Reproduce-the-same-reference-image-with-a-ratio-of-16-9-1280\u00d7720-px.-515255.png\" class=\"attachment-post-thumbnail size-post-thumbnail wp-post-image\" alt=\"Kamp Ekipmanlar\u0131 Rehberi\" style=\"object-fit:cover;\" srcset=\"https:\/\/www.cipherwolfacademy.com\/wp-content\/uploads\/2025\/11\/Firefly_Gemini-Flash_Reproduce-the-same-reference-image-with-a-ratio-of-16-9-1280\u00d7720-px.-515255.png 1344w, https:\/\/www.cipherwolfacademy.com\/wp-content\/uploads\/2025\/11\/Firefly_Gemini-Flash_Reproduce-the-same-reference-image-with-a-ratio-of-16-9-1280\u00d7720-px.-515255-300x171.png 300w\" sizes=\"auto, (max-width: 1344px) 100vw, 1344px\" \/><\/a><\/figure>\n\n<div class=\"wp-block-post-excerpt\"><p class=\"wp-block-post-excerpt__excerpt\">Bu yaz\u0131 kamp faaliyetlerinde kullan\u0131lan temel ekipmanlar\u0131 tan\u0131tmak i\u00e7in \u00f6rnek yaz\u0131d\u0131r. <\/p><\/div>\n\n\n<hr class=\"wp-block-separator has-css-opacity\"\/>\n\n\n<div class=\"wp-block-post-date\"><time datetime=\"2025-11-09T11:28:39+00:00\">Kas\u0131m 9, 2025<\/time><\/div>\n<\/li><li class=\"wp-block-post post-160 post type-post status-publish format-standard has-post-thumbnail hentry category-acil-durumlar\">\n<h2 class=\"wp-block-post-title\"><a href=\"https:\/\/www.cipherwolfacademy.com\/?p=160\" target=\"_self\" >Acil Durum Kitleri<\/a><\/h2>\n\n<figure class=\"alignwide wp-block-post-featured-image\"><a href=\"https:\/\/www.cipherwolfacademy.com\/?p=160\" target=\"_self\"  ><img loading=\"lazy\" decoding=\"async\" width=\"1344\" height=\"768\" src=\"https:\/\/www.cipherwolfacademy.com\/wp-content\/uploads\/2025\/11\/Firefly_Gemini-Flash_Reproduce-the-same-reference-image-with-a-ratio-of-16-9-1280\u00d7720-px.-515255.png\" class=\"attachment-post-thumbnail size-post-thumbnail wp-post-image\" alt=\"Acil Durum Kitleri\" style=\"object-fit:cover;\" srcset=\"https:\/\/www.cipherwolfacademy.com\/wp-content\/uploads\/2025\/11\/Firefly_Gemini-Flash_Reproduce-the-same-reference-image-with-a-ratio-of-16-9-1280\u00d7720-px.-515255.png 1344w, https:\/\/www.cipherwolfacademy.com\/wp-content\/uploads\/2025\/11\/Firefly_Gemini-Flash_Reproduce-the-same-reference-image-with-a-ratio-of-16-9-1280\u00d7720-px.-515255-300x171.png 300w\" sizes=\"auto, (max-width: 1344px) 100vw, 1344px\" \/><\/a><\/figure>\n\n<div class=\"wp-block-post-excerpt\"><p class=\"wp-block-post-excerpt__excerpt\">Bu yaz\u0131 acil durumlarda kullan\u0131lan temel ekipmanlar\u0131 tan\u0131tmak i\u00e7in \u00f6rnek yaz\u0131d\u0131r. <\/p><\/div>\n\n\n<hr class=\"wp-block-separator has-css-opacity\"\/>\n\n\n<div class=\"wp-block-post-date\"><time datetime=\"2025-11-09T11:31:19+00:00\">Kas\u0131m 9, 2025<\/time><\/div>\n<\/li><li class=\"wp-block-post post-163 post type-post status-publish format-standard has-post-thumbnail hentry category-edc\">\n<h2 class=\"wp-block-post-title\"><a href=\"https:\/\/www.cipherwolfacademy.com\/?p=163\" target=\"_self\" >G\u00fcnl\u00fck Ta\u015f\u0131ma Ekipmanlar\u0131<\/a><\/h2>\n\n<figure class=\"alignwide wp-block-post-featured-image\"><a href=\"https:\/\/www.cipherwolfacademy.com\/?p=163\" target=\"_self\"  ><img loading=\"lazy\" decoding=\"async\" width=\"1344\" height=\"768\" src=\"https:\/\/www.cipherwolfacademy.com\/wp-content\/uploads\/2025\/11\/Firefly_Gemini-Flash_Reproduce-the-same-reference-image-with-a-ratio-of-16-9-1280\u00d7720-px.-515255.png\" class=\"attachment-post-thumbnail size-post-thumbnail wp-post-image\" alt=\"G\u00fcnl\u00fck Ta\u015f\u0131ma Ekipmanlar\u0131\" style=\"object-fit:cover;\" srcset=\"https:\/\/www.cipherwolfacademy.com\/wp-content\/uploads\/2025\/11\/Firefly_Gemini-Flash_Reproduce-the-same-reference-image-with-a-ratio-of-16-9-1280\u00d7720-px.-515255.png 1344w, https:\/\/www.cipherwolfacademy.com\/wp-content\/uploads\/2025\/11\/Firefly_Gemini-Flash_Reproduce-the-same-reference-image-with-a-ratio-of-16-9-1280\u00d7720-px.-515255-300x171.png 300w\" sizes=\"auto, (max-width: 1344px) 100vw, 1344px\" \/><\/a><\/figure>\n\n<div class=\"wp-block-post-excerpt\"><p class=\"wp-block-post-excerpt__excerpt\">Bu yaz\u0131 EDC (EveryDayCarry) g\u00fcnl\u00fck ta\u015f\u0131ma ekipmanlar\u0131 tan\u0131tmak i\u00e7in \u00f6rnek yaz\u0131d\u0131r. <\/p><\/div>\n\n\n<hr class=\"wp-block-separator has-css-opacity\"\/>\n\n\n<div class=\"wp-block-post-date\"><time datetime=\"2025-11-09T11:33:53+00:00\">Kas\u0131m 9, 2025<\/time><\/div>\n<\/li><li class=\"wp-block-post post-166 post type-post status-publish format-standard has-post-thumbnail hentry category-24-72-saat\">\n<h2 class=\"wp-block-post-title\"><a href=\"https:\/\/www.cipherwolfacademy.com\/?p=166\" target=\"_self\" >24 Saat \u00c7antas\u0131<\/a><\/h2>\n\n<figure class=\"alignwide wp-block-post-featured-image\"><a href=\"https:\/\/www.cipherwolfacademy.com\/?p=166\" target=\"_self\"  ><img loading=\"lazy\" decoding=\"async\" width=\"1344\" height=\"768\" src=\"https:\/\/www.cipherwolfacademy.com\/wp-content\/uploads\/2025\/11\/Firefly_Gemini-Flash_Reproduce-the-same-reference-image-with-a-ratio-of-16-9-1280\u00d7720-px.-515255.png\" class=\"attachment-post-thumbnail size-post-thumbnail wp-post-image\" alt=\"24 Saat \u00c7antas\u0131\" style=\"object-fit:cover;\" srcset=\"https:\/\/www.cipherwolfacademy.com\/wp-content\/uploads\/2025\/11\/Firefly_Gemini-Flash_Reproduce-the-same-reference-image-with-a-ratio-of-16-9-1280\u00d7720-px.-515255.png 1344w, https:\/\/www.cipherwolfacademy.com\/wp-content\/uploads\/2025\/11\/Firefly_Gemini-Flash_Reproduce-the-same-reference-image-with-a-ratio-of-16-9-1280\u00d7720-px.-515255-300x171.png 300w\" sizes=\"auto, (max-width: 1344px) 100vw, 1344px\" \/><\/a><\/figure>\n\n<div class=\"wp-block-post-excerpt\"><p class=\"wp-block-post-excerpt__excerpt\">Bu yaz\u0131 24 Saat \u00c7antas\u0131nda kullan\u0131lan temel ekipmanlar\u0131 tan\u0131tmak i\u00e7in \u00f6rnek yaz\u0131d\u0131r. <\/p><\/div>\n\n\n<hr class=\"wp-block-separator has-css-opacity\"\/>\n\n\n<div class=\"wp-block-post-date\"><time datetime=\"2025-11-09T11:36:46+00:00\">Kas\u0131m 9, 2025<\/time><\/div>\n<\/li><li class=\"wp-block-post post-169 post type-post status-publish format-standard has-post-thumbnail hentry category-24-72-saat\">\n<h2 class=\"wp-block-post-title\"><a href=\"https:\/\/www.cipherwolfacademy.com\/?p=169\" target=\"_self\" >72 Saat \u00c7antas\u0131<\/a><\/h2>\n\n<figure class=\"alignwide wp-block-post-featured-image\"><a href=\"https:\/\/www.cipherwolfacademy.com\/?p=169\" target=\"_self\"  ><img loading=\"lazy\" decoding=\"async\" width=\"1344\" height=\"768\" src=\"https:\/\/www.cipherwolfacademy.com\/wp-content\/uploads\/2025\/11\/Firefly_Gemini-Flash_Reproduce-the-same-reference-image-with-a-ratio-of-16-9-1280\u00d7720-px.-515255.png\" class=\"attachment-post-thumbnail size-post-thumbnail wp-post-image\" alt=\"72 Saat \u00c7antas\u0131\" style=\"object-fit:cover;\" srcset=\"https:\/\/www.cipherwolfacademy.com\/wp-content\/uploads\/2025\/11\/Firefly_Gemini-Flash_Reproduce-the-same-reference-image-with-a-ratio-of-16-9-1280\u00d7720-px.-515255.png 1344w, https:\/\/www.cipherwolfacademy.com\/wp-content\/uploads\/2025\/11\/Firefly_Gemini-Flash_Reproduce-the-same-reference-image-with-a-ratio-of-16-9-1280\u00d7720-px.-515255-300x171.png 300w\" sizes=\"auto, (max-width: 1344px) 100vw, 1344px\" \/><\/a><\/figure>\n\n<div class=\"wp-block-post-excerpt\"><p class=\"wp-block-post-excerpt__excerpt\">Bu yaz\u0131 72 saat \u00e7antas\u0131nda kullan\u0131lan temel ekipmanlar\u0131 tan\u0131tmak i\u00e7in \u00f6rnek yaz\u0131d\u0131r. <\/p><\/div>\n\n\n<hr class=\"wp-block-separator has-css-opacity\"\/>\n\n\n<div class=\"wp-block-post-date\"><time datetime=\"2025-11-09T11:38:02+00:00\">Kas\u0131m 9, 2025<\/time><\/div>\n<\/li><li class=\"wp-block-post post-172 post type-post status-publish format-standard has-post-thumbnail hentry category-hayatta-kalma\">\n<h2 class=\"wp-block-post-title\"><a href=\"https:\/\/www.cipherwolfacademy.com\/?p=172\" target=\"_self\" >Uzun S\u00fcreli Hayatta Kalma Ekipmanlar\u0131<\/a><\/h2>\n\n<figure class=\"alignwide wp-block-post-featured-image\"><a href=\"https:\/\/www.cipherwolfacademy.com\/?p=172\" target=\"_self\"  ><img loading=\"lazy\" decoding=\"async\" width=\"1344\" height=\"768\" src=\"https:\/\/www.cipherwolfacademy.com\/wp-content\/uploads\/2025\/11\/Firefly_Gemini-Flash_Reproduce-the-same-reference-image-with-a-ratio-of-16-9-1280\u00d7720-px.-515255.png\" class=\"attachment-post-thumbnail size-post-thumbnail wp-post-image\" alt=\"Uzun S\u00fcreli Hayatta Kalma Ekipmanlar\u0131\" style=\"object-fit:cover;\" srcset=\"https:\/\/www.cipherwolfacademy.com\/wp-content\/uploads\/2025\/11\/Firefly_Gemini-Flash_Reproduce-the-same-reference-image-with-a-ratio-of-16-9-1280\u00d7720-px.-515255.png 1344w, https:\/\/www.cipherwolfacademy.com\/wp-content\/uploads\/2025\/11\/Firefly_Gemini-Flash_Reproduce-the-same-reference-image-with-a-ratio-of-16-9-1280\u00d7720-px.-515255-300x171.png 300w\" sizes=\"auto, (max-width: 1344px) 100vw, 1344px\" \/><\/a><\/figure>\n\n<div class=\"wp-block-post-excerpt\"><p class=\"wp-block-post-excerpt__excerpt\">Bu yaz\u0131 hayatta kalma faaliyetlerinde kullan\u0131lan temel ekipmanlar\u0131 tan\u0131tmak i\u00e7in \u00f6rnek yaz\u0131d\u0131r. <\/p><\/div>\n\n\n<hr class=\"wp-block-separator has-css-opacity\"\/>\n\n\n<div class=\"wp-block-post-date\"><time datetime=\"2025-11-09T11:39:21+00:00\">Kas\u0131m 9, 2025<\/time><\/div>\n<\/li><\/ul><\/div>\n","protected":false},"excerpt":{"rendered":"<p>Ekipman Rehberi Bu b\u00f6l\u00fcmde do\u011fa y\u00fcr\u00fcy\u00fc\u015f\u00fc, kamp, EDC (Everyday Carry), acil durum ve hayatta kalma senaryolar\u0131nda kullan\u0131lan ekipmanlar\u0131 ke\u015ffedeceksiniz. CipherWolf Academy ekosisteminde yer alan her rehber, deneyim ve i\u015flevselli\u011fi bir arada sunmak i\u00e7in haz\u0131rlanm\u0131\u015ft\u0131r. Do\u011fa Y\u00fcr\u00fcy\u00fc\u015f\u00fc Kamp EDC 24 Saat 72 saat Acil Durumlar Hayatta Kalma<\/p>\n","protected":false},"author":1,"featured_media":0,"parent":0,"menu_order":0,"comment_status":"closed","ping_status":"closed","template":"","meta":{"footnotes":""},"class_list":["post-38","page","type-page","status-publish"],"_links":{"self":[{"href":"https:\/\/www.cipherwolfacademy.com\/index.php?rest_route=\/wp\/v2\/pages\/38","targetHints":{"allow":["GET"]}}],"collection":[{"href":"https:\/\/www.cipherwolfacademy.com\/index.php?rest_route=\/wp\/v2\/pages"}],"about":[{"href":"https:\/\/www.cipherwolfacademy.com\/index.php?rest_route=\/wp\/v2\/types\/page"}],"author":[{"embeddable":true,"href":"https:\/\/www.cipherwolfacademy.com\/index.php?rest_route=\/wp\/v2\/users\/1"}],"replies":[{"embeddable":true,"href":"https:\/\/www.cipherwolfacademy.com\/index.php?rest_route=%2Fwp%2Fv2%2Fcomments&post=38"}],"version-history":[{"count":18,"href":"https:\/\/www.cipherwolfacademy.com\/index.php?rest_route=\/wp\/v2\/pages\/38\/revisions"}],"predecessor-version":[{"id":220,"href":"https:\/\/www.cipherwolfacademy.com\/index.php?rest_route=\/wp\/v2\/pages\/38\/revisions\/220"}],"wp:attachment":[{"href":"https:\/\/www.cipherwolfacademy.com\/index.php?rest_route=%2Fwp%2Fv2%2Fmedia&parent=38"}],"curies":[{"name":"wp","href":"https:\/\/api.w.org\/{rel}","templated":true}]}}