{"id":10,"date":"2025-11-05T19:01:34","date_gmt":"2025-11-05T19:01:34","guid":{"rendered":"https:\/\/www.cipherwolfacademy.com\/?page_id=10"},"modified":"2025-11-06T20:14:42","modified_gmt":"2025-11-06T20:14:42","slug":"ana-sayfa","status":"publish","type":"page","link":"https:\/\/www.cipherwolfacademy.com\/","title":{"rendered":"Ana Sayfa"},"content":{"rendered":"\n<div>\n<div class=\"gb-element-96936c48\">\n<h1 class=\"wp-block-heading\" style=\"font-size:56px;letter-spacing:1px\">CipherWolf Academy<\/h1>\n\n\n\n<h2 class=\"wp-block-heading has-text-align-center\" style=\"font-size:22px\">Hayatta Kalma bir ya\u015fam tarz\u0131d\u0131r.<\/h2>\n\n\n\n<a class=\"gb-text gb-text-e29f8710\" href=\"?cat=3\">E\u011fitimlere Ba\u015fla<\/a>\n<\/div>\n<\/div>\n","protected":false},"excerpt":{"rendered":"<p>CipherWolf Academy Hayatta Kalma bir ya\u015fam tarz\u0131d\u0131r. E\u011fitimlere Ba\u015fla<\/p>\n","protected":false},"author":1,"featured_media":0,"parent":0,"menu_order":0,"comment_status":"closed","ping_status":"closed","template":"","meta":{"footnotes":""},"class_list":["post-10","page","type-page","status-publish"],"_links":{"self":[{"href":"https:\/\/www.cipherwolfacademy.com\/index.php?rest_route=\/wp\/v2\/pages\/10","targetHints":{"allow":["GET"]}}],"collection":[{"href":"https:\/\/www.cipherwolfacademy.com\/index.php?rest_route=\/wp\/v2\/pages"}],"about":[{"href":"https:\/\/www.cipherwolfacademy.com\/index.php?rest_route=\/wp\/v2\/types\/page"}],"author":[{"embeddable":true,"href":"https:\/\/www.cipherwolfacademy.com\/index.php?rest_route=\/wp\/v2\/users\/1"}],"replies":[{"embeddable":true,"href":"https:\/\/www.cipherwolfacademy.com\/index.php?rest_route=%2Fwp%2Fv2%2Fcomments&post=10"}],"version-history":[{"count":11,"href":"https:\/\/www.cipherwolfacademy.com\/index.php?rest_route=\/wp\/v2\/pages\/10\/revisions"}],"predecessor-version":[{"id":128,"href":"https:\/\/www.cipherwolfacademy.com\/index.php?rest_route=\/wp\/v2\/pages\/10\/revisions\/128"}],"wp:attachment":[{"href":"https:\/\/www.cipherwolfacademy.com\/index.php?rest_route=%2Fwp%2Fv2%2Fmedia&parent=10"}],"curies":[{"name":"wp","href":"https:\/\/api.w.org\/{rel}","templated":true}]}}